{"id":2681,"date":"2025-10-18T16:56:29","date_gmt":"2025-10-18T16:56:29","guid":{"rendered":"https:\/\/guineabiztv.com\/fr\/?page_id=2681"},"modified":"2025-10-18T16:58:09","modified_gmt":"2025-10-18T16:58:09","slug":"test-site","status":"publish","type":"page","link":"https:\/\/guineabiztv.com\/fr\/test-site\/","title":{"rendered":"TEST SITE"},"content":{"rendered":"\t\t<div data-elementor-type=\"wp-page\" data-elementor-id=\"2681\" class=\"elementor elementor-2681\" data-elementor-post-type=\"page\">\n\t\t\t\t\t\t<section class=\"elementor-section elementor-top-section elementor-element elementor-element-0af4ecb elementor-section-boxed elementor-section-height-default elementor-section-height-default wpr-particle-no wpr-jarallax-no wpr-parallax-no wpr-sticky-section-no\" data-id=\"0af4ecb\" data-element_type=\"section\" data-e-type=\"section\">\n\t\t\t\t\t\t<div class=\"elementor-container elementor-column-gap-default\">\n\t\t\t\t\t<div class=\"elementor-column elementor-col-100 elementor-top-column elementor-element elementor-element-fec35b6\" data-id=\"fec35b6\" data-element_type=\"column\" data-e-type=\"column\">\n\t\t\t<div class=\"elementor-widget-wrap elementor-element-populated\">\n\t\t\t\t\t\t<div class=\"elementor-element elementor-element-8249171 elementor-widget elementor-widget-html\" data-id=\"8249171\" data-element_type=\"widget\" data-e-type=\"widget\" data-widget_type=\"html.default\">\n\t\t\t\t<div class=\"elementor-widget-container\">\n\t\t\t\t\t<!DOCTYPE html>\r\n<html lang=\"fr\">\r\n<head>\r\n    <meta charset=\"UTF-8\">\r\n    <meta name=\"viewport\" content=\"width=device-width, initial-scale=1.0\">\r\n    <title>StreamyVision TV<\/title>\r\n    <link rel=\"icon\" type=\"image\/x-icon\" href=\"\/static\/favicon.ico\">\r\n    <script src=\"https:\/\/cdn.tailwindcss.com\"><\/script>\r\n    <script src=\"https:\/\/cdn.jsdelivr.net\/npm\/feather-icons\/dist\/feather.min.js\"><\/script>\r\n    <link rel=\"stylesheet\" href=\"https:\/\/cdnjs.cloudflare.com\/ajax\/libs\/font-awesome\/6.0.0\/css\/all.min.css\">\r\n    <style>\r\n        .video-container {\r\n            aspect-ratio: 16\/9;\r\n            background: #000;\r\n        }\r\n        .channel-list {\r\n            scrollbar-width: thin;\r\n        }\r\n    <\/style>\r\n<\/head>\r\n<body class=\"bg-gray-900 text-white\">\r\n    <header class=\"bg-black py-4 px-6 flex justify-between items-center\">\r\n        <div class=\"flex items-center space-x-4\">\r\n            <i class=\"fas fa-tv text-red-500 text-2xl\"><\/i>\r\n            <h1 class=\"text-2xl font-bold\">StreamyVision TV<\/h1>\r\n        <\/div>\r\n        <nav>\r\n            <ul class=\"flex space-x-6\">\r\n                <li><a href=\"#\" class=\"hover:text-red-400\"><i class=\"fas fa-home mr-1\"><\/i> Accueil<\/a><\/li>\r\n                <li><a href=\"#\" class=\"hover:text-red-400\"><i class=\"fas fa-film mr-1\"><\/i> Replay<\/a><\/li>\r\n                <li><a href=\"#\" class=\"hover:text-red-400\"><i class=\"fas fa-info-circle mr-1\"><\/i> \u00c0 propos<\/a><\/li>\r\n            <\/ul>\r\n        <\/nav>\r\n    <\/header>\r\n\r\n    <main class=\"container mx-auto px-4 py-8\">\r\n        <div class=\"grid grid-cols-1 lg:grid-cols-4 gap-8\">\r\n            <div class=\"lg:col-span-3\">\r\n                <div class=\"video-container rounded-lg overflow-hidden\">\r\n                    <iframe width=\"100%\" height=\"100%\" src=\"https:\/\/www.youtube.com\/embed\/dQw4w9WgXcQ?autoplay=1\" frameborder=\"0\" allowfullscreen><\/iframe>\r\n                <\/div>\r\n                <div class=\"mt-4\">\r\n                    <h2 class=\"text-xl font-bold\">En direct: Cha\u00eene principale<\/h2>\r\n                    <p class=\"text-gray-400 mt-2\">Regardez notre programme en direct 24h\/24<\/p>\r\n                <\/div>\r\n            <\/div>\r\n\r\n            <div class=\"lg:col-span-1\">\r\n                <div class=\"bg-gray-800 rounded-lg p-4\">\r\n                    <h3 class=\"text-lg font-semibold mb-4 flex items-center\">\r\n                        <i class=\"fas fa-list mr-2\"><\/i> Cha\u00eenes disponibles\r\n                    <\/h3>\r\n                    <div class=\"channel-list max-h-96 overflow-y-auto\">\r\n                        <div class=\"channel-item p-2 hover:bg-gray-700 rounded cursor-pointer flex items-center\">\r\n                            <div class=\"w-8 h-8 bg-red-500 rounded-full mr-3\"><\/div>\r\n                            <span>Cha\u00eene Principale<\/span>\r\n                        <\/div>\r\n                        <div class=\"channel-item p-2 hover:bg-gray-700 rounded cursor-pointer flex items-center mt-2\">\r\n                            <div class=\"w-8 h-8 bg-blue-500 rounded-full mr-3\"><\/div>\r\n                            <span>Sports<\/span>\r\n                        <\/div>\r\n                        <div class=\"channel-item p-2 hover:bg-gray-700 rounded cursor-pointer flex items-center mt-2\">\r\n                            <div class=\"w-8 h-8 bg-green-500 rounded-full mr-3\"><\/div>\r\n                            <span>Cin\u00e9ma<\/span>\r\n                        <\/div>\r\n                        <div class=\"channel-item p-2 hover:bg-gray-700 rounded cursor-pointer flex items-center mt-2\">\r\n                            <div class=\"w-8 h-8 bg-yellow-500 rounded-full mr-3\"><\/div>\r\n                            <span>Musique<\/span>\r\n                        <\/div>\r\n                        <div class=\"channel-item p-2 hover:bg-gray-700 rounded cursor-pointer flex items-center mt-2\">\r\n                            <div class=\"w-8 h-8 bg-purple-500 rounded-full mr-3\"><\/div>\r\n                            <span>Documentaires<\/span>\r\n                        <\/div>\r\n                    <\/div>\r\n                <\/div>\r\n\r\n                <div class=\"bg-gray-800 rounded-lg p-4 mt-6\">\r\n                    <h3 class=\"text-lg font-semibold mb-4 flex items-center\">\r\n                        <i class=\"fas fa-calendar-alt mr-2\"><\/i> Programme\r\n                    <\/h3>\r\n                    <div class=\"space-y-3\">\r\n                        <div class=\"program-item\">\r\n                            <div class=\"text-sm text-gray-400\">20h00 - 21h30<\/div>\r\n                            <div class=\"font-medium\">Journal du soir<\/div>\r\n                        <\/div>\r\n                        <div class=\"program-item mt-2\">\r\n                            <div class=\"text-sm text-gray-400\">21h30 - 23h00<\/div>\r\n                            <div class=\"font-medium\">Film: Les aventuriers de l'arche perdue<\/div>\r\n                        <\/div>\r\n                        <div class=\"program-item mt-2\">\r\n                            <div class=\"text-sm text-gray-400\">23h00 - 00h30<\/div>\r\n                            <div class=\"font-medium\">D\u00e9bat politique<\/div>\r\n                        <\/div>\r\n                    <\/div>\r\n                <\/div>\r\n            <\/div>\r\n        <\/div>\r\n\r\n        <section class=\"mt-12\">\r\n            <h2 class=\"text-2xl font-bold mb-6 flex items-center\">\r\n                <i class=\"fas fa-video mr-3\"><\/i> \u00c0 ne pas manquer\r\n            <\/h2>\r\n            <div class=\"grid grid-cols-1 sm:grid-cols-2 md:grid-cols-3 lg:grid-cols-4 gap-6\">\r\n                <div class=\"bg-gray-800 rounded-lg overflow-hidden hover:scale-105 transition-transform\">\r\n                    <img decoding=\"async\" src=\"http:\/\/static.photos\/film\/320x240\/1\" alt=\"\u00c9mission 1\" class=\"w-full h-40 object-cover\">\r\n                    <div class=\"p-4\">\r\n                        <h3 class=\"font-semibold\">Interview exclusive<\/h3>\r\n                        <p class=\"text-sm text-gray-400 mt-1\">Avec notre invit\u00e9 sp\u00e9cial<\/p>\r\n                    <\/div>\r\n                <\/div>\r\n                <div class=\"bg-gray-800 rounded-lg overflow-hidden hover:scale-105 transition-transform\">\r\n                    <img decoding=\"async\" src=\"http:\/\/static.photos\/sport\/320x240\/2\" alt=\"\u00c9mission 2\" class=\"w-full h-40 object-cover\">\r\n                    <div class=\"p-4\">\r\n                        <h3 class=\"font-semibold\">Match de football<\/h3>\r\n                        <p class=\"text-sm text-gray-400 mt-1\">Finale du championnat<\/p>\r\n                    <\/div>\r\n                <\/div>\r\n                <div class=\"bg-gray-800 rounded-lg overflow-hidden hover:scale-105 transition-transform\">\r\n                    <img decoding=\"async\" src=\"http:\/\/static.photos\/music\/320x240\/3\" alt=\"\u00c9mission 3\" class=\"w-full h-40 object-cover\">\r\n                    <div class=\"p-4\">\r\n                        <h3 class=\"font-semibold\">Concert live<\/h3>\r\n                        <p class=\"text-sm text-gray-400 mt-1\">Artiste: John Legend<\/p>\r\n                    <\/div>\r\n                <\/div>\r\n                <div class=\"bg-gray-800 rounded-lg overflow-hidden hover:scale-105 transition-transform\">\r\n                    <img decoding=\"async\" src=\"http:\/\/static.photos\/documentary\/320x240\/4\" alt=\"\u00c9mission 4\" class=\"w-full h-40 object-cover\">\r\n                    <div class=\"p-4\">\r\n                        <h3 class=\"font-semibold\">Nature sauvage<\/h3>\r\n                        <p class=\"text-sm text-gray-400 mt-1\">Les secrets de la jungle<\/p>\r\n                    <\/div>\r\n                <\/div>\r\n            <\/div>\r\n        <\/section>\r\n    <\/main>\r\n\r\n    <footer class=\"bg-black py-8 px-6 mt-12\">\r\n        <div class=\"container mx-auto\">\r\n            <div class=\"grid grid-cols-1 md:grid-cols-4 gap-8\">\r\n                <div>\r\n                    <h4 class=\"text-lg font-semibold mb-4\">StreamyVision TV<\/h4>\r\n                    <p class=\"text-gray-400\">Votre webTV pr\u00e9f\u00e9r\u00e9e 24h\/24<\/p>\r\n                <\/div>\r\n                <div>\r\n                    <h4 class=\"text-lg font-semibold mb-4\">Navigation<\/h4>\r\n                    <ul class=\"space-y-2\">\r\n                        <li><a href=\"#\" class=\"text-gray-400 hover:text-white\">Accueil<\/a><\/li>\r\n                        <li><a href=\"#\" class=\"text-gray-400 hover:text-white\">Cha\u00eenes<\/a><\/li>\r\n                        <li><a href=\"#\" class=\"text-gray-400 hover:text-white\">Replay<\/a><\/li>\r\n                    <\/ul>\r\n                <\/div>\r\n                <div>\r\n                    <h4 class=\"text-lg font-semibold mb-4\">Nous contacter<\/h4>\r\n                    <ul class=\"space-y-2\">\r\n                        <li class=\"text-gray-400\">contact@streamyvision.tv<\/li>\r\n                        <li class=\"text-gray-400\">01 23 45 67 89<\/li>\r\n                    <\/ul>\r\n                <\/div>\r\n                <div>\r\n                    <h4 class=\"text-lg font-semibold mb-4\">R\u00e9seaux sociaux<\/h4>\r\n                    <div class=\"flex space-x-4\">\r\n                        <a href=\"#\" class=\"text-gray-400 hover:text-white\"><i class=\"fab fa-facebook-f\"><\/i><\/a>\r\n                        <a href=\"#\" class=\"text-gray-400 hover:text-white\"><i class=\"fab fa-twitter\"><\/i><\/a>\r\n                        <a href=\"#\" class=\"text-gray-400 hover:text-white\"><i class=\"fab fa-instagram\"><\/i><\/a>\r\n                        <a href=\"#\" class=\"text-gray-400 hover:text-white\"><i class=\"fab fa-youtube\"><\/i><\/a>\r\n                    <\/div>\r\n                <\/div>\r\n            <\/div>\r\n            <div class=\"border-t border-gray-800 mt-8 pt-8 text-center text-gray-500\">\r\n                <p>\u00a9 2023 StreamyVision TV. Tous droits r\u00e9serv\u00e9s.<\/p>\r\n            <\/div>\r\n        <\/div>\r\n    <\/footer>\r\n\r\n    <script>\r\n        feather.replace();\r\n        \/\/ Animation pour les \u00e9l\u00e9ments de la cha\u00eene\r\n        document.querySelectorAll('.channel-item').forEach(item => {\r\n            item.addEventListener('mouseenter', () => {\r\n                item.querySelector('div').classList.add('animate-pulse');\r\n            });\r\n            item.addEventListener('mouseleave', () => {\r\n                item.querySelector('div').classList.remove('animate-pulse');\r\n            });\r\n        });\r\n    <\/script>\r\n<\/body>\r\n<\/html>\t\t\t\t<\/div>\n\t\t\t\t<\/div>\n\t\t\t\t\t<\/div>\n\t\t<\/div>\n\t\t\t\t\t<\/div>\n\t\t<\/section>\n\t\t\t\t<\/div>\n\t\t","protected":false},"excerpt":{"rendered":"<p>StreamyVision TV StreamyVision TV Accueil Replay \u00c0 propos En direct: Cha\u00eene principale Regardez notre programme en direct 24h\/24 Cha\u00eenes disponibles Cha\u00eene Principale Sports Cin\u00e9ma Musique Documentaires Programme 20h00 &#8211; 21h30 Journal du soir 21h30 &#8211; 23h00 Film: Les aventuriers de l&#8217;arche perdue 23h00 &#8211; 00h30 D\u00e9bat politique \u00c0 ne pas manquer Interview exclusive Avec notre invit\u00e9 sp\u00e9cial Match de football Finale du championnat Concert live Artiste: John Legend Nature sauvage Les secrets de la jungle StreamyVision TV Votre webTV pr\u00e9f\u00e9r\u00e9e 24h\/24 Navigation Accueil Cha\u00eenes Replay Nous contacter contact@streamyvision.tv 01 23 45 67 89 R\u00e9seaux sociaux \u00a9 2023 StreamyVision TV. Tous droits r\u00e9serv\u00e9s.<\/p>\n","protected":false},"author":1,"featured_media":0,"parent":0,"menu_order":0,"comment_status":"closed","ping_status":"closed","template":"","meta":{"_crdt_document":"","site-sidebar-layout":"no-sidebar","site-content-layout":"","ast-site-content-layout":"full-width-container","site-content-style":"default","site-sidebar-style":"default","ast-global-header-display":"","ast-banner-title-visibility":"","ast-main-header-display":"","ast-hfb-above-header-display":"","ast-hfb-below-header-display":"","ast-hfb-mobile-header-display":"","site-post-title":"","ast-breadcrumbs-content":"","ast-featured-img":"disabled","footer-sml-layout":"","ast-disable-related-posts":"","theme-transparent-header-meta":"default","adv-header-id-meta":"","stick-header-meta":"","header-above-stick-meta":"","header-main-stick-meta":"","header-below-stick-meta":"","astra-migrate-meta-layouts":"set","ast-page-background-enabled":"default","ast-page-background-meta":{"desktop":{"background-color":"var(--ast-global-color-4)","background-image":"","background-repeat":"repeat","background-position":"center center","background-size":"auto","background-attachment":"scroll","background-type":"","background-media":"","overlay-type":"","overlay-color":"","overlay-opacity":"","overlay-gradient":""},"tablet":{"background-color":"","background-image":"","background-repeat":"repeat","background-position":"center center","background-size":"auto","background-attachment":"scroll","background-type":"","background-media":"","overlay-type":"","overlay-color":"","overlay-opacity":"","overlay-gradient":""},"mobile":{"background-color":"","background-image":"","background-repeat":"repeat","background-position":"center center","background-size":"auto","background-attachment":"scroll","background-type":"","background-media":"","overlay-type":"","overlay-color":"","overlay-opacity":"","overlay-gradient":""}},"ast-content-background-meta":{"desktop":{"background-color":"var(--ast-global-color-5)","background-image":"","background-repeat":"repeat","background-position":"center center","background-size":"auto","background-attachment":"scroll","background-type":"","background-media":"","overlay-type":"","overlay-color":"","overlay-opacity":"","overlay-gradient":""},"tablet":{"background-color":"var(--ast-global-color-5)","background-image":"","background-repeat":"repeat","background-position":"center center","background-size":"auto","background-attachment":"scroll","background-type":"","background-media":"","overlay-type":"","overlay-color":"","overlay-opacity":"","overlay-gradient":""},"mobile":{"background-color":"var(--ast-global-color-5)","background-image":"","background-repeat":"repeat","background-position":"center center","background-size":"auto","background-attachment":"scroll","background-type":"","background-media":"","overlay-type":"","overlay-color":"","overlay-opacity":"","overlay-gradient":""}},"footnotes":""},"class_list":["post-2681","page","type-page","status-publish","hentry"],"_links":{"self":[{"href":"https:\/\/guineabiztv.com\/fr\/wp-json\/wp\/v2\/pages\/2681","targetHints":{"allow":["GET"]}}],"collection":[{"href":"https:\/\/guineabiztv.com\/fr\/wp-json\/wp\/v2\/pages"}],"about":[{"href":"https:\/\/guineabiztv.com\/fr\/wp-json\/wp\/v2\/types\/page"}],"author":[{"embeddable":true,"href":"https:\/\/guineabiztv.com\/fr\/wp-json\/wp\/v2\/users\/1"}],"replies":[{"embeddable":true,"href":"https:\/\/guineabiztv.com\/fr\/wp-json\/wp\/v2\/comments?post=2681"}],"version-history":[{"count":4,"href":"https:\/\/guineabiztv.com\/fr\/wp-json\/wp\/v2\/pages\/2681\/revisions"}],"predecessor-version":[{"id":2685,"href":"https:\/\/guineabiztv.com\/fr\/wp-json\/wp\/v2\/pages\/2681\/revisions\/2685"}],"wp:attachment":[{"href":"https:\/\/guineabiztv.com\/fr\/wp-json\/wp\/v2\/media?parent=2681"}],"curies":[{"name":"wp","href":"https:\/\/api.w.org\/{rel}","templated":true}]}}